{"id":120,"date":"2024-11-01T09:47:38","date_gmt":"2024-11-01T12:47:38","guid":{"rendered":"http:\/\/achavalip.ar\/?page_id=120"},"modified":"2024-11-01T14:02:04","modified_gmt":"2024-11-01T17:02:04","slug":"nuestra-mision","status":"publish","type":"page","link":"http:\/\/achavalip.ar\/?page_id=120","title":{"rendered":"Nuestra Misi\u00f3n"},"content":{"rendered":"\n<div style=\"height:9px\" aria-hidden=\"true\" class=\"wp-block-spacer\"><\/div>\n\n\n\n<p>En Ach\u00e1val IP &amp; Asoc., nuestra misi\u00f3n es brindar un servicio de alta calidad profesional y t\u00e9cnica para que nuestros clientes puedan proteger y potenciar sus creaciones e invenciones. Interpretamos las necesidades de nuestros clientes y les proporcionamos un servicio \u00e1gil e integral para el registro, defensa y protecci\u00f3n de sus derechos intelectuales, con un enfoque especializado en marcas, patentes, derechos de autor y nuevas tecnolog\u00edas.<\/p>\n\n\n\n<p>Brindamos un acompa\u00f1amiento personalizado y eficiente, ajustado a las necesidades espec\u00edficas de cada cliente, ya sea una gran empresa o un emprendedor.<\/p>\n\n\n\n<p>Nuestra prioridad es cuidar sus activos intangibles y ayudarlos a enfrentar los desaf\u00edos que surgen en un mundo en constante evoluci\u00f3n, construyendo relaciones de confianza y respeto a lo largo del camino.<\/p>\n\n\n\n<div style=\"height:100px\" aria-hidden=\"true\" class=\"wp-block-spacer\"><\/div>\n","protected":false},"excerpt":{"rendered":"<p>En Ach\u00e1val IP &amp; Asoc., nuestra misi\u00f3n es brindar un servicio de alta calidad profesional y t\u00e9cnica para que nuestros clientes puedan proteger y potenciar sus creaciones e invenciones. Interpretamos las necesidades de nuestros clientes y les proporcionamos un servicio \u00e1gil e integral para el registro, defensa y protecci\u00f3n de sus derechos intelectuales, con un [&hellip;]<\/p>\n","protected":false},"author":1,"featured_media":0,"parent":0,"menu_order":0,"comment_status":"closed","ping_status":"closed","template":"","meta":{"footnotes":""},"class_list":["post-120","page","type-page","status-publish","hentry"],"_links":{"self":[{"href":"http:\/\/achavalip.ar\/index.php?rest_route=\/wp\/v2\/pages\/120","targetHints":{"allow":["GET"]}}],"collection":[{"href":"http:\/\/achavalip.ar\/index.php?rest_route=\/wp\/v2\/pages"}],"about":[{"href":"http:\/\/achavalip.ar\/index.php?rest_route=\/wp\/v2\/types\/page"}],"author":[{"embeddable":true,"href":"http:\/\/achavalip.ar\/index.php?rest_route=\/wp\/v2\/users\/1"}],"replies":[{"embeddable":true,"href":"http:\/\/achavalip.ar\/index.php?rest_route=%2Fwp%2Fv2%2Fcomments&post=120"}],"version-history":[{"count":3,"href":"http:\/\/achavalip.ar\/index.php?rest_route=\/wp\/v2\/pages\/120\/revisions"}],"predecessor-version":[{"id":284,"href":"http:\/\/achavalip.ar\/index.php?rest_route=\/wp\/v2\/pages\/120\/revisions\/284"}],"wp:attachment":[{"href":"http:\/\/achavalip.ar\/index.php?rest_route=%2Fwp%2Fv2%2Fmedia&parent=120"}],"curies":[{"name":"wp","href":"https:\/\/api.w.org\/{rel}","templated":true}]}}