{"id":209,"date":"2024-11-01T12:36:05","date_gmt":"2024-11-01T15:36:05","guid":{"rendered":"http:\/\/achavalip.ar\/?page_id=209"},"modified":"2025-11-11T16:50:19","modified_gmt":"2025-11-11T19:50:19","slug":"209-2","status":"publish","type":"page","link":"http:\/\/achavalip.ar\/?page_id=209","title":{"rendered":""},"content":{"rendered":"\n<div class=\"wp-block-media-text is-stacked-on-mobile\" style=\"grid-template-columns:17% auto\"><figure class=\"wp-block-media-text__media\"><img fetchpriority=\"high\" decoding=\"async\" width=\"1024\" height=\"1024\" src=\"http:\/\/achavalip.ar\/wp-content\/uploads\/2025\/11\/Gaston-PisniMesa-de-trabajo-1@4x-1024x1024.png\" alt=\"\" class=\"wp-image-459 size-full\" srcset=\"http:\/\/achavalip.ar\/wp-content\/uploads\/2025\/11\/Gaston-PisniMesa-de-trabajo-1@4x-1024x1024.png 1024w, http:\/\/achavalip.ar\/wp-content\/uploads\/2025\/11\/Gaston-PisniMesa-de-trabajo-1@4x-300x300.png 300w, http:\/\/achavalip.ar\/wp-content\/uploads\/2025\/11\/Gaston-PisniMesa-de-trabajo-1@4x-150x150.png 150w, http:\/\/achavalip.ar\/wp-content\/uploads\/2025\/11\/Gaston-PisniMesa-de-trabajo-1@4x-768x768.png 768w, http:\/\/achavalip.ar\/wp-content\/uploads\/2025\/11\/Gaston-PisniMesa-de-trabajo-1@4x-1536x1536.png 1536w, http:\/\/achavalip.ar\/wp-content\/uploads\/2025\/11\/Gaston-PisniMesa-de-trabajo-1@4x-2048x2048.png 2048w\" sizes=\"(max-width: 1024px) 100vw, 1024px\" \/><\/figure><div class=\"wp-block-media-text__content\">\n<div class=\"wp-block-group is-content-justification-left is-nowrap is-layout-flex wp-container-core-group-is-layout-fc9f69e7 wp-block-group-is-layout-flex\">\n<div class=\"wp-block-columns wp-container-content-9cfa9a5a is-layout-flex wp-container-core-columns-is-layout-28f84493 wp-block-columns-is-layout-flex\">\n<div class=\"wp-block-column is-layout-flow wp-block-column-is-layout-flow\" style=\"flex-basis:414%\">\n<p class=\"has-large-font-size\"><strong>Gast\u00f3n Pisni<\/strong><\/p>\n<\/div>\n\n\n\n<div class=\"wp-block-column is-layout-flow wp-block-column-is-layout-flow\" style=\"flex-basis:33.33%\"><\/div>\n<\/div>\n\n\n\n<figure class=\"wp-block-image size-large is-resized\"><img decoding=\"async\" width=\"1024\" height=\"1024\" src=\"http:\/\/achavalip.ar\/wp-content\/uploads\/2024\/11\/Linkedin-PaulaMesa-de-trabajo-9-copia@4x-8-1024x1024.png\" alt=\"\" class=\"wp-image-210\" style=\"width:94px;height:auto\" srcset=\"http:\/\/achavalip.ar\/wp-content\/uploads\/2024\/11\/Linkedin-PaulaMesa-de-trabajo-9-copia@4x-8-1024x1024.png 1024w, http:\/\/achavalip.ar\/wp-content\/uploads\/2024\/11\/Linkedin-PaulaMesa-de-trabajo-9-copia@4x-8-300x300.png 300w, http:\/\/achavalip.ar\/wp-content\/uploads\/2024\/11\/Linkedin-PaulaMesa-de-trabajo-9-copia@4x-8-150x150.png 150w, http:\/\/achavalip.ar\/wp-content\/uploads\/2024\/11\/Linkedin-PaulaMesa-de-trabajo-9-copia@4x-8-768x768.png 768w, http:\/\/achavalip.ar\/wp-content\/uploads\/2024\/11\/Linkedin-PaulaMesa-de-trabajo-9-copia@4x-8-1536x1536.png 1536w, http:\/\/achavalip.ar\/wp-content\/uploads\/2024\/11\/Linkedin-PaulaMesa-de-trabajo-9-copia@4x-8-2048x2048.png 2048w\" sizes=\"(max-width: 1024px) 100vw, 1024px\" \/><\/figure>\n\n\n\n<p><\/p>\n<\/div>\n\n\n\n<p style=\"margin-top:0%;margin-right:0%;margin-bottom:0%;margin-left:0%\">Abogado Senior<\/p>\n\n\n\n<p class=\"has-text-color has-link-color wp-elements-bd2f84bea93c5508e25e7df07eddd4d2\" style=\"color:#c0c22c\"><a href=\"mailto:gpisni@achavalip.ar\">gpisni@achavalip.ar<\/a><\/p>\n\n\n\n<figure class=\"wp-block-image alignleft size-full is-resized\"><a href=\"https:\/\/www.linkedin.com\/in\/gastonpisni\/\"><img decoding=\"async\" width=\"557\" height=\"217\" src=\"http:\/\/achavalip.ar\/wp-content\/uploads\/2024\/11\/LinkedinMesa-de-trabajo-11@4x-8-1.png\" alt=\"\" class=\"wp-image-195\" style=\"width:85px;height:auto\" srcset=\"http:\/\/achavalip.ar\/wp-content\/uploads\/2024\/11\/LinkedinMesa-de-trabajo-11@4x-8-1.png 557w, http:\/\/achavalip.ar\/wp-content\/uploads\/2024\/11\/LinkedinMesa-de-trabajo-11@4x-8-1-300x117.png 300w\" sizes=\"(max-width: 557px) 100vw, 557px\" \/><\/a><\/figure>\n<\/div><\/div>\n\n\n\n<p class=\"has-small-font-size\">Abogado especializado en Propiedad Industrial y con Carrera en Especializaci\u00f3n en Derecho Inform\u00e1tico, con s\u00f3lida experiencia en la protecci\u00f3n, defensa y gesti\u00f3n de activos intangibles. Es Agente de la Propiedad Industrial matriculado ante el INPI y combina su pr\u00e1ctica jur\u00eddica con un profundo inter\u00e9s por la tecnolog\u00eda, lo que le permite brindar asesoramiento integral en asuntos que cruzan Derecho e innovaci\u00f3n.<br><\/p>\n\n\n\n<p class=\"has-small-font-size\">Ha desarrollado su carrera profesional en prestigiosos estudios boutique especializados en propiedad intelectual en Argentina, llegando a estar a cargo del departamento legal, consolidando su experiencia en la gesti\u00f3n y defensa de activos intangibles.<br><\/p>\n\n\n\n<p class=\"has-small-font-size\">Ha asesorado a compa\u00f1\u00edas nacionales e internacionales en propiedad intelectual e industrial, incluyendo marcas, patentes, modelos de utilidad, derechos de autor, privacidad de datos, nombres de dominio, NFTs y criptoactivos. Su experiencia abarca la redacci\u00f3n y negociaci\u00f3n de contratos, as\u00ed como la direcci\u00f3n de estrategias judiciales y extrajudiciales de defensa de derechos.<br><\/p>\n\n\n\n<p class=\"has-small-font-size\">Asimismo, se desempe\u00f1\u00f3 como Contract Manager en una reconocida consultora, gestionando contratos internacionales y colaborando con equipos legales y de negocio en Estados Unidos, consolidando su expertise en el \u00e1mbito corporativo y en la gesti\u00f3n de relaciones contractuales complejas. En el \u00e1mbito acad\u00e9mico y tecnol\u00f3gico, ha complementado su formaci\u00f3n con estudios en inteligencia artificial, blockchain, fintech y programaci\u00f3n en Python, evaluando las implicancias legales de nuevas tecnolog\u00edas, datos personales e inteligencia artificial en sectores p\u00fablicos y privados.<\/p>\n\n\n\n<p class=\"has-small-font-size\"><br>Ha publicado art\u00edculos y participado en medios sobre derecho y tecnolog\u00eda, con \u00e9nfasis en inteligencia artificial y propiedad intelectual. <\/p>\n\n\n\n<p class=\"has-small-font-size\"><strong>Estudios<\/strong><\/p>\n\n\n\n<p class=\"has-small-font-size\">Abogado UBA.<\/p>\n\n\n\n<p class=\"has-small-font-size\">Posgrado en la Carrera de Especializaci\u00f3n en Derecho Inform\u00e1tico, Universidad de Buenos Aires.<\/p>\n\n\n\n<p class=\"has-small-font-size\">Posgrado en Inteligencia Artificial y Derecho, IALAB. UBA.<\/p>\n\n\n\n<p class=\"has-small-font-size\">Curso de Fintech Law, Blockchain y Cripto, Universidad Torcuato Di Tella.<\/p>\n\n\n\n<p class=\"has-small-font-size\"><strong>Membres\u00edas<\/strong><\/p>\n\n\n\n<p class=\"has-small-font-size\">Colegio P\u00fablico de Abogados de la Capital Federal (CPACF).<\/p>\n\n\n\n<p class=\"has-small-font-size\">C\u00e1mara Federal de Apelaciones de San Mart\u00edn (CFASM). <\/p>\n\n\n\n<p class=\"has-small-font-size\">Agente de la Propiedad Industrial, INPI (Instituto Nacional de la Propiedad Industrial).<\/p>\n\n\n\n<p class=\"has-small-font-size\">Escuela Argentina de Gobernanza de Internet (ARGENSIG).<\/p>\n\n\n\n<p class=\"has-small-font-size\"><strong>Idiomas<\/strong>: Espa\u00f1ol e Ingl\u00e9s.<\/p>\n\n\n\n<div class=\"wp-block-group has-global-padding is-layout-constrained wp-block-group-is-layout-constrained\">\n<p class=\"has-text-align-center has-white-color has-primary-background-color has-text-color has-background has-link-color has-large-font-size wp-elements-0a7b919484e5ea677a571125cd1ea18e\"><strong>Publicaciones<\/strong><\/p>\n<\/div>\n\n\n\n<div class=\"wp-block-columns is-layout-flex wp-container-core-columns-is-layout-28f84493 wp-block-columns-is-layout-flex\">\n<div class=\"wp-block-column is-vertically-aligned-center is-layout-flow wp-block-column-is-layout-flow\" style=\"flex-basis:25%\">\n<div class=\"wp-block-columns is-layout-flex wp-container-core-columns-is-layout-28f84493 wp-block-columns-is-layout-flex\">\n<div class=\"wp-block-column is-layout-flow wp-block-column-is-layout-flow\" style=\"flex-basis:100%\">\n<figure class=\"wp-block-image aligncenter size-full is-resized\"><img loading=\"lazy\" decoding=\"async\" width=\"630\" height=\"154\" src=\"http:\/\/achavalip.ar\/wp-content\/uploads\/2025\/11\/Screenshot-2025-11-11-at-4.32.41-PM.png\" alt=\"\" class=\"wp-image-461\" style=\"width:152px;height:auto\" srcset=\"http:\/\/achavalip.ar\/wp-content\/uploads\/2025\/11\/Screenshot-2025-11-11-at-4.32.41-PM.png 630w, http:\/\/achavalip.ar\/wp-content\/uploads\/2025\/11\/Screenshot-2025-11-11-at-4.32.41-PM-300x73.png 300w\" sizes=\"(max-width: 630px) 100vw, 630px\" \/><\/figure>\n<\/div>\n<\/div>\n<\/div>\n\n\n\n<div class=\"wp-block-column is-layout-flow wp-block-column-is-layout-flow\" style=\"flex-basis:25%\">\n<figure class=\"wp-block-image aligncenter size-full is-resized\"><img loading=\"lazy\" decoding=\"async\" width=\"484\" height=\"158\" src=\"http:\/\/achavalip.ar\/wp-content\/uploads\/2025\/11\/Screenshot-2025-11-11-at-4.35.30-PM.png\" alt=\"\" class=\"wp-image-462\" style=\"width:184px;height:auto\" srcset=\"http:\/\/achavalip.ar\/wp-content\/uploads\/2025\/11\/Screenshot-2025-11-11-at-4.35.30-PM.png 484w, http:\/\/achavalip.ar\/wp-content\/uploads\/2025\/11\/Screenshot-2025-11-11-at-4.35.30-PM-300x98.png 300w\" sizes=\"(max-width: 484px) 100vw, 484px\" \/><\/figure>\n<\/div>\n\n\n\n<div class=\"wp-block-column is-layout-flow wp-block-column-is-layout-flow\" style=\"flex-basis:25%\">\n<figure class=\"wp-block-image aligncenter size-full is-resized\"><img loading=\"lazy\" decoding=\"async\" width=\"250\" height=\"263\" src=\"http:\/\/achavalip.ar\/wp-content\/uploads\/2025\/11\/America_TV_Nuevo_logo_Junio_2020.png\" alt=\"\" class=\"wp-image-463\" style=\"width:68px;height:auto\"\/><\/figure>\n<\/div>\n<\/div>\n\n\n\n<div class=\"wp-block-columns is-layout-flex wp-container-core-columns-is-layout-28f84493 wp-block-columns-is-layout-flex\">\n<div class=\"wp-block-column is-layout-flow wp-block-column-is-layout-flow\" style=\"flex-basis:25%\">\n<div class=\"wp-block-group is-layout-grid wp-container-core-group-is-layout-3721f5f0 wp-block-group-is-layout-grid\">\n<p class=\"wp-container-content-f3b810f2\" style=\"font-size:0.7rem\">Recent guidelines and regulations in Argentina for fair and ethical implementation of Artificial Intelligence in the National Public Sector<\/p>\n\n\n\n<p class=\"wp-container-content-f3b810f2\" style=\"font-size:0.7rem\"><\/p>\n\n\n\n<p class=\"wp-container-content-f3b810f2\" style=\"font-size:0.7rem\"><em>2023<\/em><\/p>\n<\/div>\n<\/div>\n\n\n\n<div class=\"wp-block-column is-layout-flow wp-block-column-is-layout-flow\" style=\"flex-basis:25%\">\n<p style=\"font-size:0.7rem\">LAW IN SPORTS. FIFA Intellectual Property Rights Guidelines on the FIFA World<br>Cup 2022\u00ae<\/p>\n\n\n\n<p style=\"font-size:0.7rem\"><\/p>\n\n\n\n<p style=\"font-size:0.7rem\"><em>2023<\/em><\/p>\n<\/div>\n\n\n\n<div class=\"wp-block-column is-layout-flow wp-block-column-is-layout-flow\" style=\"flex-basis:25%\">\n<p style=\"font-size:0.8rem\">AMERICA TV. Entrevista con el periodista Antonio Laje sobre patentes y licencias<br>obligatorias en el contexto de COVID-19<\/p>\n\n\n\n<p style=\"font-size:0.8rem\"><\/p>\n\n\n\n<p style=\"font-size:9px\"><em><em>202<\/em><\/em>0<\/p>\n<\/div>\n<\/div>\n\n\n\n<div class=\"wp-block-columns is-layout-flex wp-container-core-columns-is-layout-28f84493 wp-block-columns-is-layout-flex\"><\/div>\n\n\n\n<div class=\"wp-block-group has-global-padding is-layout-constrained wp-block-group-is-layout-constrained\"><\/div>\n\n\n\n<div class=\"wp-block-columns is-layout-flex wp-container-core-columns-is-layout-28f84493 wp-block-columns-is-layout-flex\">\n<div class=\"wp-block-column is-layout-flow wp-block-column-is-layout-flow\"><\/div>\n<\/div>\n\n\n\n<p><\/p>\n","protected":false},"excerpt":{"rendered":"<p>Abogado especializado en Propiedad Industrial y con Carrera en Especializaci\u00f3n en Derecho Inform\u00e1tico, con s\u00f3lida experiencia en la protecci\u00f3n, defensa y gesti\u00f3n de activos intangibles. Es Agente de la Propiedad Industrial matriculado ante el INPI y combina su pr\u00e1ctica jur\u00eddica con un profundo inter\u00e9s por la tecnolog\u00eda, lo que le permite brindar asesoramiento integral en [&hellip;]<\/p>\n","protected":false},"author":1,"featured_media":0,"parent":0,"menu_order":0,"comment_status":"closed","ping_status":"closed","template":"","meta":{"footnotes":""},"class_list":["post-209","page","type-page","status-publish","hentry"],"_links":{"self":[{"href":"http:\/\/achavalip.ar\/index.php?rest_route=\/wp\/v2\/pages\/209","targetHints":{"allow":["GET"]}}],"collection":[{"href":"http:\/\/achavalip.ar\/index.php?rest_route=\/wp\/v2\/pages"}],"about":[{"href":"http:\/\/achavalip.ar\/index.php?rest_route=\/wp\/v2\/types\/page"}],"author":[{"embeddable":true,"href":"http:\/\/achavalip.ar\/index.php?rest_route=\/wp\/v2\/users\/1"}],"replies":[{"embeddable":true,"href":"http:\/\/achavalip.ar\/index.php?rest_route=%2Fwp%2Fv2%2Fcomments&post=209"}],"version-history":[{"count":19,"href":"http:\/\/achavalip.ar\/index.php?rest_route=\/wp\/v2\/pages\/209\/revisions"}],"predecessor-version":[{"id":467,"href":"http:\/\/achavalip.ar\/index.php?rest_route=\/wp\/v2\/pages\/209\/revisions\/467"}],"wp:attachment":[{"href":"http:\/\/achavalip.ar\/index.php?rest_route=%2Fwp%2Fv2%2Fmedia&parent=209"}],"curies":[{"name":"wp","href":"https:\/\/api.w.org\/{rel}","templated":true}]}}