{"id":231,"date":"2024-11-01T12:42:54","date_gmt":"2024-11-01T15:42:54","guid":{"rendered":"http:\/\/achavalip.ar\/?page_id=231"},"modified":"2026-04-06T11:20:53","modified_gmt":"2026-04-06T14:20:53","slug":"231-2","status":"publish","type":"page","link":"http:\/\/achavalip.ar\/?page_id=231","title":{"rendered":""},"content":{"rendered":"\n<div class=\"wp-block-media-text is-stacked-on-mobile\" style=\"grid-template-columns:17% auto\"><figure class=\"wp-block-media-text__media\"><img fetchpriority=\"high\" decoding=\"async\" width=\"1024\" height=\"1021\" src=\"http:\/\/achavalip.ar\/wp-content\/uploads\/2024\/10\/Equipo2Mesa-de-trabajo-15Achaval-1024x1021.jpg\" alt=\"\" class=\"wp-image-470 size-full\" srcset=\"http:\/\/achavalip.ar\/wp-content\/uploads\/2024\/10\/Equipo2Mesa-de-trabajo-15Achaval-1024x1021.jpg 1024w, http:\/\/achavalip.ar\/wp-content\/uploads\/2024\/10\/Equipo2Mesa-de-trabajo-15Achaval-300x300.jpg 300w, http:\/\/achavalip.ar\/wp-content\/uploads\/2024\/10\/Equipo2Mesa-de-trabajo-15Achaval-150x150.jpg 150w, http:\/\/achavalip.ar\/wp-content\/uploads\/2024\/10\/Equipo2Mesa-de-trabajo-15Achaval-768x766.jpg 768w, http:\/\/achavalip.ar\/wp-content\/uploads\/2024\/10\/Equipo2Mesa-de-trabajo-15Achaval.jpg 1389w\" sizes=\"(max-width: 1024px) 100vw, 1024px\" \/><\/figure><div class=\"wp-block-media-text__content\">\n<div class=\"wp-block-group is-content-justification-left is-nowrap is-layout-flex wp-container-core-group-is-layout-fc9f69e7 wp-block-group-is-layout-flex\">\n<div class=\"wp-block-columns wp-container-content-9cfa9a5a is-layout-flex wp-container-core-columns-is-layout-28f84493 wp-block-columns-is-layout-flex\">\n<div class=\"wp-block-column is-layout-flow wp-block-column-is-layout-flow\" style=\"flex-basis:414%\">\n<p class=\"has-large-font-size\"><strong>Amalia Prieto<\/strong><\/p>\n<\/div>\n\n\n\n<div class=\"wp-block-column is-layout-flow wp-block-column-is-layout-flow\" style=\"flex-basis:33.33%\"><\/div>\n<\/div>\n\n\n\n<figure class=\"wp-block-image size-large is-resized\"><img decoding=\"async\" width=\"1024\" height=\"1024\" src=\"http:\/\/achavalip.ar\/wp-content\/uploads\/2024\/11\/QR-amaliaMesa-de-trabajo-9-copia-3@4x-8-1024x1024.png\" alt=\"\" class=\"wp-image-232\" style=\"width:94px;height:auto\" srcset=\"http:\/\/achavalip.ar\/wp-content\/uploads\/2024\/11\/QR-amaliaMesa-de-trabajo-9-copia-3@4x-8-1024x1024.png 1024w, http:\/\/achavalip.ar\/wp-content\/uploads\/2024\/11\/QR-amaliaMesa-de-trabajo-9-copia-3@4x-8-300x300.png 300w, http:\/\/achavalip.ar\/wp-content\/uploads\/2024\/11\/QR-amaliaMesa-de-trabajo-9-copia-3@4x-8-150x150.png 150w, http:\/\/achavalip.ar\/wp-content\/uploads\/2024\/11\/QR-amaliaMesa-de-trabajo-9-copia-3@4x-8-768x768.png 768w, http:\/\/achavalip.ar\/wp-content\/uploads\/2024\/11\/QR-amaliaMesa-de-trabajo-9-copia-3@4x-8-1536x1536.png 1536w, http:\/\/achavalip.ar\/wp-content\/uploads\/2024\/11\/QR-amaliaMesa-de-trabajo-9-copia-3@4x-8-2048x2048.png 2048w\" sizes=\"(max-width: 1024px) 100vw, 1024px\" \/><\/figure>\n\n\n\n<p><\/p>\n<\/div>\n\n\n\n<p style=\"margin-top:0%;margin-right:0%;margin-bottom:0%;margin-left:0%\">Paralegal<\/p>\n\n\n\n<p class=\"has-text-color has-link-color wp-elements-4733919e48e118ed23c4f932e053f17d\" style=\"color:#c0c22c\"><a href=\"mailto:aprieto@achavalip.ar\">aprieto@achavalip.ar<\/a><\/p>\n\n\n\n<figure class=\"wp-block-image alignleft size-full is-resized\"><img decoding=\"async\" width=\"557\" height=\"217\" src=\"http:\/\/achavalip.ar\/wp-content\/uploads\/2024\/11\/LinkedinMesa-de-trabajo-11@4x-8-1.png\" alt=\"\" class=\"wp-image-195\" style=\"width:85px;height:auto\" srcset=\"http:\/\/achavalip.ar\/wp-content\/uploads\/2024\/11\/LinkedinMesa-de-trabajo-11@4x-8-1.png 557w, http:\/\/achavalip.ar\/wp-content\/uploads\/2024\/11\/LinkedinMesa-de-trabajo-11@4x-8-1-300x117.png 300w\" sizes=\"(max-width: 557px) 100vw, 557px\" \/><\/figure>\n<\/div><\/div>\n\n\n\n<p class=\"has-small-font-size\">Amalia es&nbsp;<strong>estudiante de derecho<\/strong>. Est\u00e1 cursando sus \u00faltimos a\u00f1os de la carrera abogac\u00eda en la Universidad Dr. Pl\u00e1cido Mar\u00edn de San Isidro, gracias a una beca de estudio otorgada por su gran esfuerzo y m\u00e9rito. Trabaj\u00f3 tres a\u00f1os en la prosecuci\u00f3n de los tr\u00e1mites de marcas en uo de los estudios boutique m\u00e1s importantes del pa\u00eds. Es proactiva, responsable y organizada.<\/p>\n\n\n\n<p class=\"has-small-font-size\"><strong>Idiomas:<\/strong>&nbsp;Guaran\u00ed y espa\u00f1ol.<\/p>\n\n\n\n<p class=\"has-small-font-size\"><\/p>\n\n\n\n<div style=\"height:100px\" aria-hidden=\"true\" class=\"wp-block-spacer\"><\/div>\n","protected":false},"excerpt":{"rendered":"<p>Amalia es&nbsp;estudiante de derecho. Est\u00e1 cursando sus \u00faltimos a\u00f1os de la carrera abogac\u00eda en la Universidad Dr. Pl\u00e1cido Mar\u00edn de San Isidro, gracias a una beca de estudio otorgada por su gran esfuerzo y m\u00e9rito. Trabaj\u00f3 tres a\u00f1os en la prosecuci\u00f3n de los tr\u00e1mites de marcas en uo de los estudios boutique m\u00e1s importantes del [&hellip;]<\/p>\n","protected":false},"author":1,"featured_media":0,"parent":0,"menu_order":0,"comment_status":"closed","ping_status":"closed","template":"","meta":{"footnotes":""},"class_list":["post-231","page","type-page","status-publish","hentry"],"_links":{"self":[{"href":"http:\/\/achavalip.ar\/index.php?rest_route=\/wp\/v2\/pages\/231","targetHints":{"allow":["GET"]}}],"collection":[{"href":"http:\/\/achavalip.ar\/index.php?rest_route=\/wp\/v2\/pages"}],"about":[{"href":"http:\/\/achavalip.ar\/index.php?rest_route=\/wp\/v2\/types\/page"}],"author":[{"embeddable":true,"href":"http:\/\/achavalip.ar\/index.php?rest_route=\/wp\/v2\/users\/1"}],"replies":[{"embeddable":true,"href":"http:\/\/achavalip.ar\/index.php?rest_route=%2Fwp%2Fv2%2Fcomments&post=231"}],"version-history":[{"count":4,"href":"http:\/\/achavalip.ar\/index.php?rest_route=\/wp\/v2\/pages\/231\/revisions"}],"predecessor-version":[{"id":505,"href":"http:\/\/achavalip.ar\/index.php?rest_route=\/wp\/v2\/pages\/231\/revisions\/505"}],"wp:attachment":[{"href":"http:\/\/achavalip.ar\/index.php?rest_route=%2Fwp%2Fv2%2Fmedia&parent=231"}],"curies":[{"name":"wp","href":"https:\/\/api.w.org\/{rel}","templated":true}]}}