{"id":241,"date":"2024-11-01T13:13:36","date_gmt":"2024-11-01T16:13:36","guid":{"rendered":"http:\/\/achavalip.ar\/?page_id=241"},"modified":"2024-11-19T17:09:21","modified_gmt":"2024-11-19T20:09:21","slug":"241-2","status":"publish","type":"page","link":"http:\/\/achavalip.ar\/?page_id=241","title":{"rendered":""},"content":{"rendered":"\n<div class=\"wp-block-group has-global-padding is-layout-constrained wp-block-group-is-layout-constrained\">\n<h2 class=\"wp-block-heading\"><strong>Servicios<\/strong><\/h2>\n<\/div>\n\n\n\n<div class=\"wp-block-group has-global-padding is-layout-constrained wp-block-group-is-layout-constrained\">\n<div class=\"wp-block-columns is-layout-flex wp-container-core-columns-is-layout-28f84493 wp-block-columns-is-layout-flex\">\n<div class=\"wp-block-column is-layout-flow wp-block-column-is-layout-flow\">\n<div class=\"wp-block-buttons is-layout-flex wp-block-buttons-is-layout-flex\">\n<div class=\"wp-block-button has-custom-width wp-block-button__width-100 has-custom-font-size is-style-outline is-style-outline--1\" style=\"font-size:clamp(0.875rem, 0.875rem + ((1vw - 0.2rem) * 0.145), 1rem);\"><a class=\"wp-block-button__link wp-element-button\" href=\"http:\/\/achavalip.ar\/?page_id=262\" style=\"padding-top:8%;padding-right:8%;padding-bottom:8%;padding-left:8%\">PROPIEDAD INTELECTUAL<\/a><\/div>\n<\/div>\n<\/div>\n\n\n\n<div class=\"wp-block-column is-layout-flow wp-block-column-is-layout-flow\">\n<div class=\"wp-block-buttons is-layout-flex wp-block-buttons-is-layout-flex\">\n<div class=\"wp-block-button has-custom-width wp-block-button__width-100 has-custom-font-size is-style-outline is-style-outline--2\" style=\"font-size:clamp(0.875rem, 0.875rem + ((1vw - 0.2rem) * 0.029), 0.9rem);\"><a class=\"wp-block-button__link wp-element-button\" href=\"http:\/\/achavalip.ar\/?page_id=241\" style=\"padding-top:9%;padding-right:9%;padding-bottom:9%;padding-left:9%\">CONTENCIOSO<\/a><\/div>\n<\/div>\n<\/div>\n\n\n\n<div class=\"wp-block-column is-layout-flow wp-block-column-is-layout-flow\">\n<div class=\"wp-block-buttons has-custom-font-size has-medium-font-size is-layout-flex wp-block-buttons-is-layout-flex\">\n<div class=\"wp-block-button has-custom-width wp-block-button__width-100 has-custom-font-size is-style-outline is-style-outline--3\" style=\"font-size:11px\"><a class=\"wp-block-button__link wp-element-button\" href=\"http:\/\/achavalip.ar\/?page_id=259\" style=\"border-width:1px;padding-top:15px;padding-right:15px;padding-bottom:15px;padding-left:15px\">LEALTAD COMERCIAL Y DEFENSA DEL CONSUMIDOR<\/a><\/div>\n<\/div>\n<\/div>\n\n\n\n<div class=\"wp-block-column is-layout-flow wp-block-column-is-layout-flow\">\n<div class=\"wp-block-buttons is-layout-flex wp-block-buttons-is-layout-flex\">\n<div class=\"wp-block-button has-custom-width wp-block-button__width-100 has-custom-font-size is-style-outline is-style-outline--4\" style=\"font-size:clamp(14px, 0.875rem + ((1vw - 3.2px) * 0.217), 17px);\"><a class=\"wp-block-button__link wp-element-button\" href=\"http:\/\/achavalip.ar\/?page_id=257\" style=\"padding-top:15px;padding-right:15px;padding-bottom:15px;padding-left:15px\">NOMBRES DE DOMINIO<\/a><\/div>\n<\/div>\n<\/div>\n\n\n\n<div class=\"wp-block-column is-layout-flow wp-block-column-is-layout-flow\">\n<div class=\"wp-block-buttons is-layout-flex wp-block-buttons-is-layout-flex\">\n<div class=\"wp-block-button has-custom-width wp-block-button__width-100 has-custom-font-size is-style-outline is-style-outline--5\" style=\"font-size:clamp(0.875rem, 0.875rem + ((1vw - 0.2rem) * 0.145), 1rem);\"><a class=\"wp-block-button__link wp-element-button\" href=\"http:\/\/achavalip.ar\/?page_id=268\" style=\"padding-top:8%;padding-right:8%;padding-bottom:8%;padding-left:8%\">DATOS PERSONALES<\/a><\/div>\n<\/div>\n<\/div>\n<\/div>\n<\/div>\n\n\n\n<p class=\"has-medium-font-size\"><strong>Contencioso<\/strong><\/p>\n\n\n\n<p class=\"has-small-font-size\">Nos esforzamos en las negociaciones extrajudiciales para tratar de evitar una contienda judicial. En caso que ello no fuera posible contamos con un equipo de litigantes con amplia experiencia en la materia.<\/p>\n\n\n\n<p><strong>Nos ocupamos de: <\/strong><\/p>\n\n\n\n<div class=\"wp-block-group has-white-color has-primary-background-color has-text-color has-background has-link-color wp-elements-50fa13afc8de762fc9d527f385bdc0d3 has-global-padding is-layout-constrained wp-container-core-group-is-layout-4c5ee718 wp-block-group-is-layout-constrained\" style=\"border-radius:57px;margin-top:5%;margin-bottom:5%;padding-top:6%;padding-right:6%;padding-bottom:6%;padding-left:6%\">\n<ul class=\"wp-block-list\">\n<li class=\"has-small-font-size\"><em>La negociaci\u00f3n y resoluci\u00f3n de disputas relacionadas con marcas, patentes, modelos y dise\u00f1os industriales, derechos de autor, y dem\u00e1s derechos de propiedad industrial e intelectual. <\/em><\/li>\n\n\n\n<li class=\"has-small-font-size\"><em>Llevar a cabo procedimientos contenciosos administrativos y\/o judiciales incluyendo medidas cautelares relacionados con\u00a0falsificaciones de\u00a0marcas, patentes, modelos y dise\u00f1os industriales, derecho de autor, y dem\u00e1s derechos de propiedad industrial e intelectual.<\/em><\/li>\n\n\n\n<li class=\"has-small-font-size\"><em>Llevar a cabo procedimientos administrativos y\/o judiciales por conflictos con nombres de dominio antes Organismos Nacionales como Internacionales.<\/em><\/li>\n\n\n\n<li class=\"has-small-font-size\"><em>Dise\u00f1ar estrategias y efectuar reclamos y procesos judiciales ante redes sociales y\/o sitios de venta en internet. <\/em><\/li>\n<\/ul>\n<\/div>\n\n\n\n<p><\/p>\n\n\n\n<div style=\"height:100px\" aria-hidden=\"true\" class=\"wp-block-spacer\"><\/div>\n","protected":false},"excerpt":{"rendered":"<p>Servicios Contencioso Nos esforzamos en las negociaciones extrajudiciales para tratar de evitar una contienda judicial. En caso que ello no fuera posible contamos con un equipo de litigantes con amplia experiencia en la materia. Nos ocupamos de:<\/p>\n","protected":false},"author":1,"featured_media":0,"parent":0,"menu_order":0,"comment_status":"closed","ping_status":"closed","template":"","meta":{"footnotes":""},"class_list":["post-241","page","type-page","status-publish","hentry"],"_links":{"self":[{"href":"http:\/\/achavalip.ar\/index.php?rest_route=\/wp\/v2\/pages\/241","targetHints":{"allow":["GET"]}}],"collection":[{"href":"http:\/\/achavalip.ar\/index.php?rest_route=\/wp\/v2\/pages"}],"about":[{"href":"http:\/\/achavalip.ar\/index.php?rest_route=\/wp\/v2\/types\/page"}],"author":[{"embeddable":true,"href":"http:\/\/achavalip.ar\/index.php?rest_route=\/wp\/v2\/users\/1"}],"replies":[{"embeddable":true,"href":"http:\/\/achavalip.ar\/index.php?rest_route=%2Fwp%2Fv2%2Fcomments&post=241"}],"version-history":[{"count":15,"href":"http:\/\/achavalip.ar\/index.php?rest_route=\/wp\/v2\/pages\/241\/revisions"}],"predecessor-version":[{"id":417,"href":"http:\/\/achavalip.ar\/index.php?rest_route=\/wp\/v2\/pages\/241\/revisions\/417"}],"wp:attachment":[{"href":"http:\/\/achavalip.ar\/index.php?rest_route=%2Fwp%2Fv2%2Fmedia&parent=241"}],"curies":[{"name":"wp","href":"https:\/\/api.w.org\/{rel}","templated":true}]}}