{"id":259,"date":"2024-11-01T13:20:26","date_gmt":"2024-11-01T16:20:26","guid":{"rendered":"http:\/\/achavalip.ar\/?page_id=259"},"modified":"2025-06-23T15:41:42","modified_gmt":"2025-06-23T18:41:42","slug":"259-2","status":"publish","type":"page","link":"http:\/\/achavalip.ar\/?page_id=259","title":{"rendered":""},"content":{"rendered":"\n<div class=\"wp-block-group has-global-padding is-layout-constrained wp-block-group-is-layout-constrained\">\n<h2 class=\"wp-block-heading\"><strong>Servicios<\/strong><\/h2>\n<\/div>\n\n\n\n<div class=\"wp-block-group has-global-padding is-layout-constrained wp-block-group-is-layout-constrained\">\n<div class=\"wp-block-columns is-layout-flex wp-container-core-columns-is-layout-28f84493 wp-block-columns-is-layout-flex\">\n<div class=\"wp-block-column is-layout-flow wp-block-column-is-layout-flow\">\n<div class=\"wp-block-buttons is-layout-flex wp-block-buttons-is-layout-flex\">\n<div class=\"wp-block-button has-custom-width wp-block-button__width-100 has-custom-font-size is-style-outline is-style-outline--1\" style=\"font-size:clamp(0.875rem, 0.875rem + ((1vw - 0.2rem) * 0.145), 1rem);\"><a class=\"wp-block-button__link wp-element-button\" href=\"http:\/\/achavalip.ar\/?page_id=262\" style=\"padding-top:8%;padding-right:8%;padding-bottom:8%;padding-left:8%\">PROPIEDAD INTELECTUAL<\/a><\/div>\n<\/div>\n<\/div>\n\n\n\n<div class=\"wp-block-column is-layout-flow wp-block-column-is-layout-flow\">\n<div class=\"wp-block-buttons is-layout-flex wp-block-buttons-is-layout-flex\">\n<div class=\"wp-block-button has-custom-width wp-block-button__width-100 has-custom-font-size is-style-outline is-style-outline--2\" style=\"font-size:clamp(0.875rem, 0.875rem + ((1vw - 0.2rem) * 0.029), 0.9rem);\"><a class=\"wp-block-button__link wp-element-button\" href=\"http:\/\/achavalip.ar\/?page_id=241\" style=\"padding-top:9%;padding-right:9%;padding-bottom:9%;padding-left:9%\">CONTENCIOSO<\/a><\/div>\n<\/div>\n<\/div>\n\n\n\n<div class=\"wp-block-column is-layout-flow wp-block-column-is-layout-flow\">\n<div class=\"wp-block-buttons has-custom-font-size has-medium-font-size is-layout-flex wp-block-buttons-is-layout-flex\">\n<div class=\"wp-block-button has-custom-width wp-block-button__width-100 has-custom-font-size is-style-outline is-style-outline--3\" style=\"font-size:11px\"><a class=\"wp-block-button__link wp-element-button\" href=\"http:\/\/achavalip.ar\/?page_id=259\" style=\"border-width:1px;padding-top:15px;padding-right:15px;padding-bottom:15px;padding-left:15px\">LEALTAD COMERCIAL Y DEFENSA DEL CONSUMIDOR<\/a><\/div>\n<\/div>\n<\/div>\n\n\n\n<div class=\"wp-block-column is-layout-flow wp-block-column-is-layout-flow\">\n<div class=\"wp-block-buttons is-layout-flex wp-block-buttons-is-layout-flex\">\n<div class=\"wp-block-button has-custom-width wp-block-button__width-100 has-custom-font-size is-style-outline is-style-outline--4\" style=\"font-size:clamp(14px, 0.875rem + ((1vw - 3.2px) * 0.217), 17px);\"><a class=\"wp-block-button__link wp-element-button\" href=\"http:\/\/achavalip.ar\/?page_id=257\" style=\"padding-top:15px;padding-right:15px;padding-bottom:15px;padding-left:15px\">NOMBRES DE DOMINIO<\/a><\/div>\n<\/div>\n<\/div>\n\n\n\n<div class=\"wp-block-column is-layout-flow wp-block-column-is-layout-flow\">\n<div class=\"wp-block-buttons is-layout-flex wp-block-buttons-is-layout-flex\">\n<div class=\"wp-block-button has-custom-width wp-block-button__width-100 has-custom-font-size is-style-outline is-style-outline--5\" style=\"font-size:clamp(0.875rem, 0.875rem + ((1vw - 0.2rem) * 0.145), 1rem);\"><a class=\"wp-block-button__link wp-element-button\" href=\"http:\/\/achavalip.ar\/?page_id=268\" style=\"padding-top:8%;padding-right:8%;padding-bottom:8%;padding-left:8%\">DATOS PERSONALES<\/a><\/div>\n<\/div>\n<\/div>\n<\/div>\n<\/div>\n\n\n\n<p class=\"has-medium-font-size\"><strong>Lealtad Comercial y Defensa del Consumidor<\/strong><\/p>\n\n\n\n<p class=\"has-small-font-size\">Nuestro expertise, incluye el dise\u00f1o, redacci\u00f3n e implementaci\u00f3n de regulaci\u00f3n de promociones, sorteos, concursos como as\u00ed tambi\u00e9n el asesoramiento en el marco legal y cumplimiento de pautas publicitarias en todos los medios.<\/p>\n\n\n\n<p class=\"has-small-font-size\">Asesoramos en el cumplimiento de los requisitos establecidos por las leyes de defensa del consumidor y lealtad comercial.<\/p>\n\n\n\n<p class=\"has-small-font-size\">Elaboramos y llevamos adelante denuncias tanto en Lealtad Comercial como as\u00ed tambi\u00e9n ante los distintos organismos de Defensa del Consumidor.<\/p>\n\n\n\n<p><\/p>\n\n\n\n<div style=\"height:100px\" aria-hidden=\"true\" class=\"wp-block-spacer\"><\/div>\n","protected":false},"excerpt":{"rendered":"<p>Servicios Lealtad Comercial y Defensa del Consumidor Nuestro expertise, incluye el dise\u00f1o, redacci\u00f3n e implementaci\u00f3n de regulaci\u00f3n de promociones, sorteos, concursos como as\u00ed tambi\u00e9n el asesoramiento en el marco legal y cumplimiento de pautas publicitarias en todos los medios. Asesoramos en el cumplimiento de los requisitos establecidos por las leyes de defensa del consumidor y [&hellip;]<\/p>\n","protected":false},"author":1,"featured_media":0,"parent":0,"menu_order":0,"comment_status":"closed","ping_status":"closed","template":"","meta":{"footnotes":""},"class_list":["post-259","page","type-page","status-publish","hentry"],"_links":{"self":[{"href":"http:\/\/achavalip.ar\/index.php?rest_route=\/wp\/v2\/pages\/259","targetHints":{"allow":["GET"]}}],"collection":[{"href":"http:\/\/achavalip.ar\/index.php?rest_route=\/wp\/v2\/pages"}],"about":[{"href":"http:\/\/achavalip.ar\/index.php?rest_route=\/wp\/v2\/types\/page"}],"author":[{"embeddable":true,"href":"http:\/\/achavalip.ar\/index.php?rest_route=\/wp\/v2\/users\/1"}],"replies":[{"embeddable":true,"href":"http:\/\/achavalip.ar\/index.php?rest_route=%2Fwp%2Fv2%2Fcomments&post=259"}],"version-history":[{"count":5,"href":"http:\/\/achavalip.ar\/index.php?rest_route=\/wp\/v2\/pages\/259\/revisions"}],"predecessor-version":[{"id":454,"href":"http:\/\/achavalip.ar\/index.php?rest_route=\/wp\/v2\/pages\/259\/revisions\/454"}],"wp:attachment":[{"href":"http:\/\/achavalip.ar\/index.php?rest_route=%2Fwp%2Fv2%2Fmedia&parent=259"}],"curies":[{"name":"wp","href":"https:\/\/api.w.org\/{rel}","templated":true}]}}