{"id":142,"date":"2024-11-01T09:57:49","date_gmt":"2024-11-01T12:57:49","guid":{"rendered":"http:\/\/achavalip.ar\/?page_id=142"},"modified":"2025-06-23T15:00:08","modified_gmt":"2025-06-23T18:00:08","slug":"nuestro-logo","status":"publish","type":"page","link":"https:\/\/achavalip.ar\/?page_id=142","title":{"rendered":"Nuestro Logo"},"content":{"rendered":"\n<p><\/p>\n\n\n\n<div class=\"wp-block-columns is-layout-flex wp-container-core-columns-is-layout-28f84493 wp-block-columns-is-layout-flex\">\n<div class=\"wp-block-column is-layout-flow wp-block-column-is-layout-flow\" style=\"flex-basis:33.33%\">\n<div style=\"height:45px\" aria-hidden=\"true\" class=\"wp-block-spacer\"><\/div>\n\n\n\n<figure class=\"wp-block-image aligncenter size-full is-resized\"><img fetchpriority=\"high\" decoding=\"async\" width=\"512\" height=\"512\" src=\"http:\/\/achavalip.ar\/wp-content\/uploads\/2024\/10\/cropped-Logo-LinkedInMesa-de-trabajo-8@4x-8.png\" alt=\"Ach\u00e1val IP &amp; Asoc.\" class=\"wp-image-10\" style=\"width:auto;height:180px\" srcset=\"https:\/\/achavalip.ar\/wp-content\/uploads\/2024\/10\/cropped-Logo-LinkedInMesa-de-trabajo-8@4x-8.png 512w, https:\/\/achavalip.ar\/wp-content\/uploads\/2024\/10\/cropped-Logo-LinkedInMesa-de-trabajo-8@4x-8-300x300.png 300w, https:\/\/achavalip.ar\/wp-content\/uploads\/2024\/10\/cropped-Logo-LinkedInMesa-de-trabajo-8@4x-8-150x150.png 150w, https:\/\/achavalip.ar\/wp-content\/uploads\/2024\/10\/cropped-Logo-LinkedInMesa-de-trabajo-8@4x-8-270x270.png 270w, https:\/\/achavalip.ar\/wp-content\/uploads\/2024\/10\/cropped-Logo-LinkedInMesa-de-trabajo-8@4x-8-192x192.png 192w, https:\/\/achavalip.ar\/wp-content\/uploads\/2024\/10\/cropped-Logo-LinkedInMesa-de-trabajo-8@4x-8-180x180.png 180w, https:\/\/achavalip.ar\/wp-content\/uploads\/2024\/10\/cropped-Logo-LinkedInMesa-de-trabajo-8@4x-8-32x32.png 32w\" sizes=\"(max-width: 512px) 100vw, 512px\" \/><\/figure>\n<\/div>\n\n\n\n<div class=\"wp-block-column is-layout-flow wp-block-column-is-layout-flow\" style=\"flex-basis:66.66%\">\n<div style=\"height:60px\" aria-hidden=\"true\" class=\"wp-block-spacer\"><\/div>\n\n\n\n<p><strong>Protecci\u00f3n, estabilidad y soporte legal bajo un mismo techo<\/strong><\/p>\n\n\n\n<div style=\"height:1px\" aria-hidden=\"true\" class=\"wp-block-spacer\"><\/div>\n\n\n\n<p class=\"has-small-font-size\" style=\"margin-top:0;margin-right:0;margin-bottom:0;margin-left:0\">En Ach\u00e1val IP &amp; Asoc, nuestro logo no es solo una representaci\u00f3n visual; es un s\u00edmbolo de lo<br>que hacemos. Representa la protecci\u00f3n y seguridad que brindamos a tus creaciones. As\u00ed como<br>un techo ofrece refugio y estabilidad, nosotros ofrecemos un espacio seguro para que puedas<br>innovar y crear con confianza, sabiendo que tu propiedad intelectual est\u00e1 bien protegida.<\/p>\n<\/div>\n<\/div>\n\n\n\n<div style=\"height:100px\" aria-hidden=\"true\" class=\"wp-block-spacer\"><\/div>\n","protected":false},"excerpt":{"rendered":"<p>Protecci\u00f3n, estabilidad y soporte legal bajo un mismo techo En Ach\u00e1val IP &amp; Asoc, nuestro logo no es solo una representaci\u00f3n visual; es un s\u00edmbolo de loque hacemos. Representa la protecci\u00f3n y seguridad que brindamos a tus creaciones. As\u00ed comoun techo ofrece refugio y estabilidad, nosotros ofrecemos un espacio seguro para que puedasinnovar y crear [&hellip;]<\/p>\n","protected":false},"author":1,"featured_media":0,"parent":0,"menu_order":0,"comment_status":"closed","ping_status":"closed","template":"","meta":{"footnotes":""},"class_list":["post-142","page","type-page","status-publish","hentry"],"_links":{"self":[{"href":"https:\/\/achavalip.ar\/index.php?rest_route=\/wp\/v2\/pages\/142","targetHints":{"allow":["GET"]}}],"collection":[{"href":"https:\/\/achavalip.ar\/index.php?rest_route=\/wp\/v2\/pages"}],"about":[{"href":"https:\/\/achavalip.ar\/index.php?rest_route=\/wp\/v2\/types\/page"}],"author":[{"embeddable":true,"href":"https:\/\/achavalip.ar\/index.php?rest_route=\/wp\/v2\/users\/1"}],"replies":[{"embeddable":true,"href":"https:\/\/achavalip.ar\/index.php?rest_route=%2Fwp%2Fv2%2Fcomments&post=142"}],"version-history":[{"count":13,"href":"https:\/\/achavalip.ar\/index.php?rest_route=\/wp\/v2\/pages\/142\/revisions"}],"predecessor-version":[{"id":441,"href":"https:\/\/achavalip.ar\/index.php?rest_route=\/wp\/v2\/pages\/142\/revisions\/441"}],"wp:attachment":[{"href":"https:\/\/achavalip.ar\/index.php?rest_route=%2Fwp%2Fv2%2Fmedia&parent=142"}],"curies":[{"name":"wp","href":"https:\/\/api.w.org\/{rel}","templated":true}]}}