{"id":485,"date":"2026-04-05T19:51:48","date_gmt":"2026-04-05T22:51:48","guid":{"rendered":"https:\/\/achavalip.ar\/?page_id=485"},"modified":"2026-04-05T19:53:02","modified_gmt":"2026-04-05T22:53:02","slug":"485-2","status":"publish","type":"page","link":"https:\/\/achavalip.ar\/?page_id=485","title":{"rendered":""},"content":{"rendered":"\n<div class=\"wp-block-media-text is-stacked-on-mobile\" style=\"grid-template-columns:17% auto\"><figure class=\"wp-block-media-text__media\"><img fetchpriority=\"high\" decoding=\"async\" width=\"1024\" height=\"1016\" src=\"http:\/\/achavalip.ar\/wp-content\/uploads\/2024\/10\/Equipo2Mesa-de-trabajo-16Achaval-2-1024x1016.jpg\" alt=\"\" class=\"wp-image-474 size-full\" srcset=\"https:\/\/achavalip.ar\/wp-content\/uploads\/2024\/10\/Equipo2Mesa-de-trabajo-16Achaval-2-1024x1016.jpg 1024w, https:\/\/achavalip.ar\/wp-content\/uploads\/2024\/10\/Equipo2Mesa-de-trabajo-16Achaval-2-300x298.jpg 300w, https:\/\/achavalip.ar\/wp-content\/uploads\/2024\/10\/Equipo2Mesa-de-trabajo-16Achaval-2-150x150.jpg 150w, https:\/\/achavalip.ar\/wp-content\/uploads\/2024\/10\/Equipo2Mesa-de-trabajo-16Achaval-2-768x762.jpg 768w, https:\/\/achavalip.ar\/wp-content\/uploads\/2024\/10\/Equipo2Mesa-de-trabajo-16Achaval-2-1536x1524.jpg 1536w, https:\/\/achavalip.ar\/wp-content\/uploads\/2024\/10\/Equipo2Mesa-de-trabajo-16Achaval-2.jpg 1688w\" sizes=\"(max-width: 1024px) 100vw, 1024px\" \/><\/figure><div class=\"wp-block-media-text__content\">\n<div class=\"wp-block-group is-content-justification-left is-nowrap is-layout-flex wp-container-core-group-is-layout-fc9f69e7 wp-block-group-is-layout-flex\">\n<div class=\"wp-block-columns wp-container-content-9cfa9a5a is-layout-flex wp-container-core-columns-is-layout-28f84493 wp-block-columns-is-layout-flex\">\n<div class=\"wp-block-column is-layout-flow wp-block-column-is-layout-flow\" style=\"flex-basis:414%\">\n<p class=\"has-large-font-size\"><strong>Natalia Heredia<\/strong><\/p>\n<\/div>\n\n\n\n<div class=\"wp-block-column is-layout-flow wp-block-column-is-layout-flow\" style=\"flex-basis:33.33%\"><\/div>\n<\/div>\n\n\n\n<figure class=\"wp-block-image size-large is-resized\"><img decoding=\"async\" width=\"1024\" height=\"1017\" src=\"http:\/\/achavalip.ar\/wp-content\/uploads\/2024\/10\/Equipo3Mesa-de-trabajo-17Achaval-1024x1017.jpg\" alt=\"\" class=\"wp-image-476\" style=\"width:94px;height:auto\" srcset=\"https:\/\/achavalip.ar\/wp-content\/uploads\/2024\/10\/Equipo3Mesa-de-trabajo-17Achaval-1024x1017.jpg 1024w, https:\/\/achavalip.ar\/wp-content\/uploads\/2024\/10\/Equipo3Mesa-de-trabajo-17Achaval-300x298.jpg 300w, https:\/\/achavalip.ar\/wp-content\/uploads\/2024\/10\/Equipo3Mesa-de-trabajo-17Achaval-150x150.jpg 150w, https:\/\/achavalip.ar\/wp-content\/uploads\/2024\/10\/Equipo3Mesa-de-trabajo-17Achaval-768x763.jpg 768w, https:\/\/achavalip.ar\/wp-content\/uploads\/2024\/10\/Equipo3Mesa-de-trabajo-17Achaval-1536x1525.jpg 1536w, https:\/\/achavalip.ar\/wp-content\/uploads\/2024\/10\/Equipo3Mesa-de-trabajo-17Achaval.jpg 1687w\" sizes=\"(max-width: 1024px) 100vw, 1024px\" \/><\/figure>\n\n\n\n<p><\/p>\n<\/div>\n\n\n\n<p style=\"margin-top:0%;margin-right:0%;margin-bottom:0%;margin-left:0%\">Abogada<\/p>\n\n\n\n<p class=\"has-text-color has-link-color wp-elements-5100a817157a54f4d0e3c3ef52e8ccf2\" style=\"color:#c0c22c\"><a href=\"mailto:chernandez@achavalip.ar\" data-type=\"mailto\" data-id=\"mailto:chernandez@achavalip.ar\">nheredia@achavalip.ar<\/a><\/p>\n\n\n\n<figure class=\"wp-block-image alignleft size-full is-resized\"><a href=\"https:\/\/www.linkedin.com\/in\/nataliaheredia1\/\"><img decoding=\"async\" width=\"557\" height=\"217\" src=\"http:\/\/achavalip.ar\/wp-content\/uploads\/2024\/11\/LinkedinMesa-de-trabajo-11@4x-8-1.png\" alt=\"\" class=\"wp-image-195\" style=\"width:85px;height:auto\" srcset=\"https:\/\/achavalip.ar\/wp-content\/uploads\/2024\/11\/LinkedinMesa-de-trabajo-11@4x-8-1.png 557w, https:\/\/achavalip.ar\/wp-content\/uploads\/2024\/11\/LinkedinMesa-de-trabajo-11@4x-8-1-300x117.png 300w\" sizes=\"(max-width: 557px) 100vw, 557px\" \/><\/a><\/figure>\n<\/div><\/div>\n\n\n\n<p class=\"has-small-font-size\">Natalia es <strong>especialista en propiedad intelectual<\/strong>, con amplia experiencia en la gesti\u00f3n de marcas, patentes y modelos industriales a nivel nacional e internacional. Cuenta con trayectoria en estudios jur\u00eddicos especializados y <strong>formaci\u00f3n como Agente de la Propiedad Intelectual<\/strong>, complementada con capacitaci\u00f3n en <strong>Trademark Administration por la International Trademark Association<\/strong> (INTA). Su base acad\u00e9mica en traducci\u00f3n y profesorado de ingl\u00e9s le permite desenvolverse con fluidez en entornos internacionales. <\/p>\n\n\n\n<p class=\"has-small-font-size\">Previamente trabaj\u00f3 en empresas del \u00e1mbito tecnol\u00f3gico, donde desarroll\u00f3 habilidades en liderazgo, an\u00e1lisis de procesos y m\u00e9tricas entre otras.<\/p>\n\n\n\n<p class=\"has-small-font-size\">\u00a0<\/p>\n\n\n\n<p><\/p>\n\n\n\n<p class=\"has-small-font-size\"><\/p>\n\n\n\n<div style=\"height:100px\" aria-hidden=\"true\" class=\"wp-block-spacer\"><\/div>\n\n\n\n<p><\/p>\n","protected":false},"excerpt":{"rendered":"<p>Natalia es especialista en propiedad intelectual, con amplia experiencia en la gesti\u00f3n de marcas, patentes y modelos industriales a nivel nacional e internacional. Cuenta con trayectoria en estudios jur\u00eddicos especializados y formaci\u00f3n como Agente de la Propiedad Intelectual, complementada con capacitaci\u00f3n en Trademark Administration por la International Trademark Association (INTA). Su base acad\u00e9mica en traducci\u00f3n [&hellip;]<\/p>\n","protected":false},"author":1,"featured_media":0,"parent":0,"menu_order":0,"comment_status":"closed","ping_status":"closed","template":"","meta":{"footnotes":""},"class_list":["post-485","page","type-page","status-publish","hentry"],"_links":{"self":[{"href":"https:\/\/achavalip.ar\/index.php?rest_route=\/wp\/v2\/pages\/485","targetHints":{"allow":["GET"]}}],"collection":[{"href":"https:\/\/achavalip.ar\/index.php?rest_route=\/wp\/v2\/pages"}],"about":[{"href":"https:\/\/achavalip.ar\/index.php?rest_route=\/wp\/v2\/types\/page"}],"author":[{"embeddable":true,"href":"https:\/\/achavalip.ar\/index.php?rest_route=\/wp\/v2\/users\/1"}],"replies":[{"embeddable":true,"href":"https:\/\/achavalip.ar\/index.php?rest_route=%2Fwp%2Fv2%2Fcomments&post=485"}],"version-history":[{"count":2,"href":"https:\/\/achavalip.ar\/index.php?rest_route=\/wp\/v2\/pages\/485\/revisions"}],"predecessor-version":[{"id":487,"href":"https:\/\/achavalip.ar\/index.php?rest_route=\/wp\/v2\/pages\/485\/revisions\/487"}],"wp:attachment":[{"href":"https:\/\/achavalip.ar\/index.php?rest_route=%2Fwp%2Fv2%2Fmedia&parent=485"}],"curies":[{"name":"wp","href":"https:\/\/api.w.org\/{rel}","templated":true}]}}