{"id":489,"date":"2026-04-05T20:02:06","date_gmt":"2026-04-05T23:02:06","guid":{"rendered":"https:\/\/achavalip.ar\/?page_id=489"},"modified":"2026-04-05T20:02:06","modified_gmt":"2026-04-05T23:02:06","slug":"489-2","status":"publish","type":"page","link":"https:\/\/achavalip.ar\/?page_id=489","title":{"rendered":""},"content":{"rendered":"\n<div class=\"wp-block-media-text is-stacked-on-mobile\" style=\"grid-template-columns:17% auto\"><figure class=\"wp-block-media-text__media\"><img fetchpriority=\"high\" decoding=\"async\" width=\"1024\" height=\"1016\" src=\"http:\/\/achavalip.ar\/wp-content\/uploads\/2024\/10\/Equipo2Mesa-de-trabajo-16Achaval-1-1024x1016.jpg\" alt=\"\" class=\"wp-image-472 size-full\" srcset=\"https:\/\/achavalip.ar\/wp-content\/uploads\/2024\/10\/Equipo2Mesa-de-trabajo-16Achaval-1-1024x1016.jpg 1024w, https:\/\/achavalip.ar\/wp-content\/uploads\/2024\/10\/Equipo2Mesa-de-trabajo-16Achaval-1-300x298.jpg 300w, https:\/\/achavalip.ar\/wp-content\/uploads\/2024\/10\/Equipo2Mesa-de-trabajo-16Achaval-1-150x150.jpg 150w, https:\/\/achavalip.ar\/wp-content\/uploads\/2024\/10\/Equipo2Mesa-de-trabajo-16Achaval-1-768x762.jpg 768w, https:\/\/achavalip.ar\/wp-content\/uploads\/2024\/10\/Equipo2Mesa-de-trabajo-16Achaval-1-1536x1524.jpg 1536w, https:\/\/achavalip.ar\/wp-content\/uploads\/2024\/10\/Equipo2Mesa-de-trabajo-16Achaval-1.jpg 1688w\" sizes=\"(max-width: 1024px) 100vw, 1024px\" \/><\/figure><div class=\"wp-block-media-text__content\">\n<div class=\"wp-block-group is-content-justification-left is-nowrap is-layout-flex wp-container-core-group-is-layout-fc9f69e7 wp-block-group-is-layout-flex\">\n<div class=\"wp-block-columns wp-container-content-9cfa9a5a is-layout-flex wp-container-core-columns-is-layout-28f84493 wp-block-columns-is-layout-flex\">\n<div class=\"wp-block-column is-layout-flow wp-block-column-is-layout-flow\" style=\"flex-basis:414%\">\n<p class=\"has-large-font-size\"><strong>Delfina Dinardi<\/strong><\/p>\n<\/div>\n\n\n\n<div class=\"wp-block-column is-layout-flow wp-block-column-is-layout-flow\" style=\"flex-basis:33.33%\"><\/div>\n<\/div>\n\n\n\n<figure class=\"wp-block-image size-large is-resized\"><img decoding=\"async\" width=\"1024\" height=\"1017\" src=\"http:\/\/achavalip.ar\/wp-content\/uploads\/2024\/10\/Equipo3Mesa-de-trabajo-17Achaval-1024x1017.jpg\" alt=\"\" class=\"wp-image-476\" style=\"width:94px;height:auto\" srcset=\"https:\/\/achavalip.ar\/wp-content\/uploads\/2024\/10\/Equipo3Mesa-de-trabajo-17Achaval-1024x1017.jpg 1024w, https:\/\/achavalip.ar\/wp-content\/uploads\/2024\/10\/Equipo3Mesa-de-trabajo-17Achaval-300x298.jpg 300w, https:\/\/achavalip.ar\/wp-content\/uploads\/2024\/10\/Equipo3Mesa-de-trabajo-17Achaval-150x150.jpg 150w, https:\/\/achavalip.ar\/wp-content\/uploads\/2024\/10\/Equipo3Mesa-de-trabajo-17Achaval-768x763.jpg 768w, https:\/\/achavalip.ar\/wp-content\/uploads\/2024\/10\/Equipo3Mesa-de-trabajo-17Achaval-1536x1525.jpg 1536w, https:\/\/achavalip.ar\/wp-content\/uploads\/2024\/10\/Equipo3Mesa-de-trabajo-17Achaval.jpg 1687w\" sizes=\"(max-width: 1024px) 100vw, 1024px\" \/><\/figure>\n\n\n\n<p><\/p>\n<\/div>\n\n\n\n<p style=\"margin-top:0%;margin-right:0%;margin-bottom:0%;margin-left:0%\">Abogada<\/p>\n\n\n\n<p class=\"has-text-color has-link-color wp-elements-bebf93d4b1c94b574d119837e9725279\" style=\"color:#c0c22c\"><a href=\"mailto:chernandez@achavalip.ar\" data-type=\"mailto\" data-id=\"mailto:chernandez@achavalip.ar\">ddinardi@achavalip.ar<\/a><\/p>\n\n\n\n<figure class=\"wp-block-image alignleft size-full is-resized\"><a href=\"https:\/\/www.linkedin.com\/in\/delfina-dinardi-038004173\/\"><img decoding=\"async\" width=\"557\" height=\"217\" src=\"http:\/\/achavalip.ar\/wp-content\/uploads\/2024\/11\/LinkedinMesa-de-trabajo-11@4x-8-1.png\" alt=\"\" class=\"wp-image-195\" style=\"width:85px;height:auto\" srcset=\"https:\/\/achavalip.ar\/wp-content\/uploads\/2024\/11\/LinkedinMesa-de-trabajo-11@4x-8-1.png 557w, https:\/\/achavalip.ar\/wp-content\/uploads\/2024\/11\/LinkedinMesa-de-trabajo-11@4x-8-1-300x117.png 300w\" sizes=\"(max-width: 557px) 100vw, 557px\" \/><\/a><\/figure>\n<\/div><\/div>\n\n\n\n<p class=\"has-small-font-size\">Delfina es abogada egresada de la Universidad de Buenos Aires y <strong>agente de la Propiedad Industrial en Argentina<\/strong>. Trabaj\u00f3 en importantes estudios jur\u00eddicos especializados en derecho societario y propiedad intelectual e industrial, y <strong>lider\u00f3 el departamento de Pro Bono<\/strong> de uno de ellos, logrando combinar la profesi\u00f3n con la vocaci\u00f3n.<br><\/p>\n\n\n\n<p class=\"has-small-font-size\">Idiomas: <strong>Espa\u00f1ol, ingl\u00e9s e italiano<\/strong>.<\/p>\n\n\n\n<div class=\"wp-block-columns is-layout-flex wp-container-core-columns-is-layout-28f84493 wp-block-columns-is-layout-flex\">\n<div class=\"wp-block-column is-vertically-aligned-center is-layout-flow wp-block-column-is-layout-flow\">\n<figure class=\"wp-block-image aligncenter size-full is-resized\"><img loading=\"lazy\" decoding=\"async\" width=\"250\" height=\"250\" src=\"https:\/\/achavalip.ar\/wp-content\/uploads\/2026\/04\/5ec2ec2503ee4.png\" alt=\"\" class=\"wp-image-490\" style=\"width:101px;height:auto\" srcset=\"https:\/\/achavalip.ar\/wp-content\/uploads\/2026\/04\/5ec2ec2503ee4.png 250w, https:\/\/achavalip.ar\/wp-content\/uploads\/2026\/04\/5ec2ec2503ee4-150x150.png 150w\" sizes=\"(max-width: 250px) 100vw, 250px\" \/><\/figure>\n<\/div>\n\n\n\n<div class=\"wp-block-column is-layout-flow wp-block-column-is-layout-flow\">\n<figure class=\"wp-block-image aligncenter size-full is-resized\"><img loading=\"lazy\" decoding=\"async\" width=\"512\" height=\"512\" src=\"https:\/\/achavalip.ar\/wp-content\/uploads\/2026\/04\/unnamed.png\" alt=\"\" class=\"wp-image-491\" style=\"width:108px;height:auto\" srcset=\"https:\/\/achavalip.ar\/wp-content\/uploads\/2026\/04\/unnamed.png 512w, https:\/\/achavalip.ar\/wp-content\/uploads\/2026\/04\/unnamed-300x300.png 300w, https:\/\/achavalip.ar\/wp-content\/uploads\/2026\/04\/unnamed-150x150.png 150w\" sizes=\"(max-width: 512px) 100vw, 512px\" \/><\/figure>\n<\/div>\n<\/div>\n\n\n\n<div class=\"wp-block-columns is-layout-flex wp-container-core-columns-is-layout-28f84493 wp-block-columns-is-layout-flex\">\n<div class=\"wp-block-column is-vertically-aligned-center is-layout-flow wp-block-column-is-layout-flow\">\n<p class=\"has-text-align-center\" style=\"font-size:0.8rem\"><a href=\"https:\/\/www.forbesargentina.com\/columnistas\/apuestas-online-ludopatia-infantil-necesidad-una-regulacion-n61520\">Nota en Forbes sobre la necesidad de una regulaci\u00f3n para las apuestas online<\/a><\/p>\n<\/div>\n\n\n\n<div class=\"wp-block-column is-layout-flow wp-block-column-is-layout-flow\">\n<p class=\"has-text-align-center\" style=\"font-size:0.8rem\"><a href=\"https:\/\/www.infobae.com\/opinion\/2024\/07\/17\/apuestas-deportivas-online-ludopatia- infantil-y-la-necesidad-de-una-regulacion-juridica\/\">Nota en infobae sobre la necesidad de una regulaci\u00f3n para las apuestas online<\/a><\/p>\n<\/div>\n<\/div>\n\n\n\n<div style=\"height:100px\" aria-hidden=\"true\" class=\"wp-block-spacer\"><\/div>\n\n\n\n<p><\/p>\n","protected":false},"excerpt":{"rendered":"<p>Delfina es abogada egresada de la Universidad de Buenos Aires y agente de la Propiedad Industrial en Argentina. Trabaj\u00f3 en importantes estudios jur\u00eddicos especializados en derecho societario y propiedad intelectual e industrial, y lider\u00f3 el departamento de Pro Bono de uno de ellos, logrando combinar la profesi\u00f3n con la vocaci\u00f3n. Idiomas: Espa\u00f1ol, ingl\u00e9s e italiano. [&hellip;]<\/p>\n","protected":false},"author":1,"featured_media":0,"parent":0,"menu_order":0,"comment_status":"closed","ping_status":"closed","template":"","meta":{"footnotes":""},"class_list":["post-489","page","type-page","status-publish","hentry"],"_links":{"self":[{"href":"https:\/\/achavalip.ar\/index.php?rest_route=\/wp\/v2\/pages\/489","targetHints":{"allow":["GET"]}}],"collection":[{"href":"https:\/\/achavalip.ar\/index.php?rest_route=\/wp\/v2\/pages"}],"about":[{"href":"https:\/\/achavalip.ar\/index.php?rest_route=\/wp\/v2\/types\/page"}],"author":[{"embeddable":true,"href":"https:\/\/achavalip.ar\/index.php?rest_route=\/wp\/v2\/users\/1"}],"replies":[{"embeddable":true,"href":"https:\/\/achavalip.ar\/index.php?rest_route=%2Fwp%2Fv2%2Fcomments&post=489"}],"version-history":[{"count":1,"href":"https:\/\/achavalip.ar\/index.php?rest_route=\/wp\/v2\/pages\/489\/revisions"}],"predecessor-version":[{"id":492,"href":"https:\/\/achavalip.ar\/index.php?rest_route=\/wp\/v2\/pages\/489\/revisions\/492"}],"wp:attachment":[{"href":"https:\/\/achavalip.ar\/index.php?rest_route=%2Fwp%2Fv2%2Fmedia&parent=489"}],"curies":[{"name":"wp","href":"https:\/\/api.w.org\/{rel}","templated":true}]}}